{"id":1046,"date":"2024-12-26T12:30:49","date_gmt":"2024-12-26T12:30:49","guid":{"rendered":"https:\/\/wholistic.com.tr\/?page_id=1046"},"modified":"2024-12-26T12:38:53","modified_gmt":"2024-12-26T12:38:53","slug":"egitimler","status":"publish","type":"page","link":"https:\/\/wholistic.com.tr\/en\/egitimler\/","title":{"rendered":"Training"},"content":{"rendered":"<div data-elementor-type=\"wp-page\" data-elementor-id=\"1046\" class=\"elementor elementor-1046\">\n\t\t\t\t\t\t<section class=\"elementor-section elementor-top-section elementor-element elementor-element-23ecb3dc elementor-section-boxed elementor-section-height-default elementor-section-height-default\" data-id=\"23ecb3dc\" data-element_type=\"section\" id=\"xs_drop_5\" data-settings=\"{&quot;background_background&quot;:&quot;classic&quot;,&quot;ekit_has_onepagescroll_dot&quot;:&quot;yes&quot;}\">\n\t\t\t\t\t\t<div class=\"elementor-container elementor-column-gap-default\">\n\t\t\t\t\t<div class=\"elementor-column elementor-col-33 elementor-top-column elementor-element elementor-element-688a105b\" data-id=\"688a105b\" data-element_type=\"column\">\n\t\t\t<div class=\"elementor-widget-wrap\">\n\t\t\t\t\t\t\t<\/div>\n\t\t<\/div>\n\t\t\t\t<div class=\"elementor-column elementor-col-33 elementor-top-column elementor-element elementor-element-2c9aadf8\" data-id=\"2c9aadf8\" data-element_type=\"column\">\n\t\t\t<div class=\"elementor-widget-wrap elementor-element-populated\">\n\t\t\t\t\t\t<div class=\"elementor-element elementor-element-6bc9ae34 elementor-widget elementor-widget-elementskit-heading\" data-id=\"6bc9ae34\" data-element_type=\"widget\" data-settings=\"{&quot;ekit_we_effect_on&quot;:&quot;none&quot;}\" data-widget_type=\"elementskit-heading.default\">\n\t\t\t\t<div class=\"elementor-widget-container\">\n\t\t\t<div class=\"ekit-wid-con\" ><div class=\"ekit-heading elementskit-section-title-wraper text_center   ekit_heading_tablet-   ekit_heading_mobile-\"><h2 class=\"ekit-heading--title elementskit-section-title\">Training<\/h2><div class=\"ekit_heading_separetor_wraper ekit_heading_elementskit-border-divider elementskit-style-long\"><div class=\"elementskit-border-divider elementskit-style-long\"><\/div><\/div>\t\t\t\t<div class='ekit-heading__description'>\n\t\t\t\t\t<p>Education is one of the most important tools in the development of individuals and societies. As Wholistic Consulting, we offer innovative and inclusive educational programs across a wide spectrum, from technology-based approaches to special education.<\/p>\n<p><strong>Our Training Programs:<\/strong><\/p>\n<p>-Artificial intelligence and game-based learning techniques<br \/>-Use of digital platforms for distance learning<br \/>-Inclusive education and diversity management<br \/>-Individualized plans and innovative approaches in special education<\/p>\n<p>Who Is It For?<\/p>\n<p>-Educators, teachers, school administrators, and parents<br \/>-Educational technology specialists and institutional representatives<\/p>\n\t\t\t\t<\/div>\n\t\t\t<\/div><\/div>\t\t<\/div>\n\t\t\t\t<\/div>\n\t\t\t\t<section class=\"elementor-section elementor-inner-section elementor-element elementor-element-49c72ac1 elementor-section-boxed elementor-section-height-default elementor-section-height-default\" data-id=\"49c72ac1\" data-element_type=\"section\" data-settings=\"{&quot;ekit_has_onepagescroll_dot&quot;:&quot;yes&quot;}\">\n\t\t\t\t\t\t<div class=\"elementor-container elementor-column-gap-default\">\n\t\t\t\t\t<div class=\"elementor-column elementor-col-100 elementor-inner-column elementor-element elementor-element-454ec4c8\" data-id=\"454ec4c8\" data-element_type=\"column\">\n\t\t\t<div class=\"elementor-widget-wrap elementor-element-populated\">\n\t\t\t\t\t\t<div class=\"elementor-element elementor-element-10ffb21 elementor-widget elementor-widget-elementskit-button\" data-id=\"10ffb21\" data-element_type=\"widget\" data-settings=\"{&quot;ekit_we_effect_on&quot;:&quot;none&quot;}\" data-widget_type=\"elementskit-button.default\">\n\t\t\t\t<div class=\"elementor-widget-container\">\n\t\t\t<div class=\"ekit-wid-con\" >\t\t<div class=\"ekit-btn-wraper\">\n\t\t\t\t\t\t\t<a href=\"https:\/\/wholistic.com.tr\/en\/iletisim\/\" class=\"elementskit-btn  whitespace--normal\" id=\"\">\n\t\t\t\t\tContact Us!\t\t\t\t<\/a>\n\t\t\t\t\t<\/div>\n        <\/div>\t\t<\/div>\n\t\t\t\t<\/div>\n\t\t\t\t\t<\/div>\n\t\t<\/div>\n\t\t\t\t\t<\/div>\n\t\t<\/section>\n\t\t\t\t\t<\/div>\n\t\t<\/div>\n\t\t\t\t<div class=\"elementor-column elementor-col-33 elementor-top-column elementor-element elementor-element-7259aa64\" data-id=\"7259aa64\" data-element_type=\"column\">\n\t\t\t<div class=\"elementor-widget-wrap\">\n\t\t\t\t\t\t\t<\/div>\n\t\t<\/div>\n\t\t\t\t\t<\/div>\n\t\t<\/section>\n\t\t\t\t<\/div>","protected":false},"excerpt":{"rendered":"<p>E\u011fitimler E\u011fitim, bireylerin ve toplumlar\u0131n geli\u015fiminde en \u00f6nemli ara\u00e7lardan biridir. Wholistic Dan\u0131\u015fmanl\u0131k olarak, teknoloji tabanl\u0131 yakla\u015f\u0131mlardan \u00f6zel e\u011fitime kadar geni\u015f bir yelpazede yenilik\u00e7i ve kapsay\u0131c\u0131 e\u011fitim programlar\u0131 sunuyoruz. E\u011fitimlerimiz: -Yapay zeka ve oyun tabanl\u0131 \u00f6\u011frenme teknikleri.-Uzaktan e\u011fitim i\u00e7in dijital platformlar\u0131n kullan\u0131m\u0131.-Kapsay\u0131c\u0131 e\u011fitim ve \u00e7e\u015fitlilik y\u00f6netimi.-\u00d6zel e\u011fitimde bireyselle\u015ftirilmi\u015f planlar ve yenilik\u00e7i yakla\u015f\u0131mlar. Kimler \u0130\u00e7in? -E\u011fitimciler, \u00f6\u011fretmenler, [&hellip;]<\/p>","protected":false},"author":1,"featured_media":0,"parent":0,"menu_order":0,"comment_status":"closed","ping_status":"closed","template":"page-templates\/other-pages.php","meta":{"footnotes":""},"class_list":["post-1046","page","type-page","status-publish","hentry"],"_links":{"self":[{"href":"https:\/\/wholistic.com.tr\/en\/wp-json\/wp\/v2\/pages\/1046","targetHints":{"allow":["GET"]}}],"collection":[{"href":"https:\/\/wholistic.com.tr\/en\/wp-json\/wp\/v2\/pages"}],"about":[{"href":"https:\/\/wholistic.com.tr\/en\/wp-json\/wp\/v2\/types\/page"}],"author":[{"embeddable":true,"href":"https:\/\/wholistic.com.tr\/en\/wp-json\/wp\/v2\/users\/1"}],"replies":[{"embeddable":true,"href":"https:\/\/wholistic.com.tr\/en\/wp-json\/wp\/v2\/comments?post=1046"}],"version-history":[{"count":4,"href":"https:\/\/wholistic.com.tr\/en\/wp-json\/wp\/v2\/pages\/1046\/revisions"}],"predecessor-version":[{"id":1057,"href":"https:\/\/wholistic.com.tr\/en\/wp-json\/wp\/v2\/pages\/1046\/revisions\/1057"}],"wp:attachment":[{"href":"https:\/\/wholistic.com.tr\/en\/wp-json\/wp\/v2\/media?parent=1046"}],"curies":[{"name":"wp","href":"https:\/\/api.w.org\/{rel}","templated":true}]}}