{"id":1047,"date":"2024-12-26T12:30:38","date_gmt":"2024-12-26T12:30:38","guid":{"rendered":"https:\/\/wholistic.com.tr\/?page_id=1047"},"modified":"2024-12-26T12:42:14","modified_gmt":"2024-12-26T12:42:14","slug":"proje-yonetimi-ve-danismanlik","status":"publish","type":"page","link":"https:\/\/wholistic.com.tr\/en\/proje-yonetimi-ve-danismanlik\/","title":{"rendered":"Project Management and Consulting"},"content":{"rendered":"<div data-elementor-type=\"wp-page\" data-elementor-id=\"1047\" class=\"elementor elementor-1047\">\n\t\t\t\t\t\t<section class=\"elementor-section elementor-top-section elementor-element elementor-element-23ecb3dc elementor-section-boxed elementor-section-height-default elementor-section-height-default\" data-id=\"23ecb3dc\" data-element_type=\"section\" id=\"xs_drop_5\" data-settings=\"{&quot;background_background&quot;:&quot;classic&quot;,&quot;ekit_has_onepagescroll_dot&quot;:&quot;yes&quot;}\">\n\t\t\t\t\t\t<div class=\"elementor-container elementor-column-gap-default\">\n\t\t\t\t\t<div class=\"elementor-column elementor-col-33 elementor-top-column elementor-element elementor-element-688a105b\" data-id=\"688a105b\" data-element_type=\"column\">\n\t\t\t<div class=\"elementor-widget-wrap\">\n\t\t\t\t\t\t\t<\/div>\n\t\t<\/div>\n\t\t\t\t<div class=\"elementor-column elementor-col-33 elementor-top-column elementor-element elementor-element-2c9aadf8\" data-id=\"2c9aadf8\" data-element_type=\"column\">\n\t\t\t<div class=\"elementor-widget-wrap elementor-element-populated\">\n\t\t\t\t\t\t<div class=\"elementor-element elementor-element-6bc9ae34 elementor-widget elementor-widget-elementskit-heading\" data-id=\"6bc9ae34\" data-element_type=\"widget\" data-settings=\"{&quot;ekit_we_effect_on&quot;:&quot;none&quot;}\" data-widget_type=\"elementskit-heading.default\">\n\t\t\t\t<div class=\"elementor-widget-container\">\n\t\t\t<div class=\"ekit-wid-con\" ><div class=\"ekit-heading elementskit-section-title-wraper text_center   ekit_heading_tablet-   ekit_heading_mobile-\"><h2 class=\"ekit-heading--title elementskit-section-title\">Project Management and Consulting<\/h2><div class=\"ekit_heading_separetor_wraper ekit_heading_elementskit-border-divider elementskit-style-long\"><div class=\"elementskit-border-divider elementskit-style-long\"><\/div><\/div>\t\t\t\t<div class='ekit-heading__description'>\n\t\t\t\t\t<p>A successful project comes to life through proper planning, effective management, and a strategic approach. As Wholistic Consulting, we help organizations develop and manage their projects in the most efficient way.<\/p>\n<p><strong>Our Services:<\/strong><\/p>\n<p>-Project planning and strategy development<br \/>-Risk management and resource optimization<br \/>-Project monitoring, reporting, and team management<\/p>\n<p>Types of Projects We Support:<\/p>\n<p>Erasmus+, KOSGEB, Horizon Europe projects<br \/>-T\u00dcB\u0130TAK and R&amp;D projects<br \/>-Social responsibility projects<br \/>-Education and cultural projects<br \/>-Software and technology projects<\/p>\n\t\t\t\t<\/div>\n\t\t\t<\/div><\/div>\t\t<\/div>\n\t\t\t\t<\/div>\n\t\t\t\t<section class=\"elementor-section elementor-inner-section elementor-element elementor-element-49c72ac1 elementor-section-boxed elementor-section-height-default elementor-section-height-default\" data-id=\"49c72ac1\" data-element_type=\"section\" data-settings=\"{&quot;ekit_has_onepagescroll_dot&quot;:&quot;yes&quot;}\">\n\t\t\t\t\t\t<div class=\"elementor-container elementor-column-gap-default\">\n\t\t\t\t\t<div class=\"elementor-column elementor-col-100 elementor-inner-column elementor-element elementor-element-454ec4c8\" data-id=\"454ec4c8\" data-element_type=\"column\">\n\t\t\t<div class=\"elementor-widget-wrap elementor-element-populated\">\n\t\t\t\t\t\t<div class=\"elementor-element elementor-element-10ffb21 elementor-widget elementor-widget-elementskit-button\" data-id=\"10ffb21\" data-element_type=\"widget\" data-settings=\"{&quot;ekit_we_effect_on&quot;:&quot;none&quot;}\" data-widget_type=\"elementskit-button.default\">\n\t\t\t\t<div class=\"elementor-widget-container\">\n\t\t\t<div class=\"ekit-wid-con\" >\t\t<div class=\"ekit-btn-wraper\">\n\t\t\t\t\t\t\t<a href=\"https:\/\/wholistic.com.tr\/en\/iletisim\/\" class=\"elementskit-btn  whitespace--normal\" id=\"\">\n\t\t\t\t\tContact Us!\t\t\t\t<\/a>\n\t\t\t\t\t<\/div>\n        <\/div>\t\t<\/div>\n\t\t\t\t<\/div>\n\t\t\t\t\t<\/div>\n\t\t<\/div>\n\t\t\t\t\t<\/div>\n\t\t<\/section>\n\t\t\t\t\t<\/div>\n\t\t<\/div>\n\t\t\t\t<div class=\"elementor-column elementor-col-33 elementor-top-column elementor-element elementor-element-7259aa64\" data-id=\"7259aa64\" data-element_type=\"column\">\n\t\t\t<div class=\"elementor-widget-wrap\">\n\t\t\t\t\t\t\t<\/div>\n\t\t<\/div>\n\t\t\t\t\t<\/div>\n\t\t<\/section>\n\t\t\t\t<\/div>","protected":false},"excerpt":{"rendered":"<p>Proje Y\u00f6netimi ve Dan\u0131\u015fmanl\u0131k Ba\u015far\u0131l\u0131 bir proje, do\u011fru planlama, etkili y\u00f6netim ve stratejik bir yakla\u015f\u0131mla hayata ge\u00e7irilir. Wholistic Dan\u0131\u015fmanl\u0131k olarak, kurumlar\u0131n projelerini en verimli \u015fekilde geli\u015ftirmelerine ve y\u00f6netmelerine yard\u0131mc\u0131 oluyoruz. Hizmetlerimiz: -Proje planlama ve strateji geli\u015ftirme.-Risk y\u00f6netimi ve kaynak optimizasyonu.-Proje takibi, raporlama ve ekip y\u00f6netimi. Destek Verdi\u011fimiz Proje T\u00fcrleri: -Erasmus+, KOSGEB, Horizon Europe projeleri.-T\u00dcB\u0130TAK ve [&hellip;]<\/p>","protected":false},"author":1,"featured_media":0,"parent":0,"menu_order":0,"comment_status":"closed","ping_status":"closed","template":"page-templates\/other-pages.php","meta":{"footnotes":""},"class_list":["post-1047","page","type-page","status-publish","hentry"],"_links":{"self":[{"href":"https:\/\/wholistic.com.tr\/en\/wp-json\/wp\/v2\/pages\/1047","targetHints":{"allow":["GET"]}}],"collection":[{"href":"https:\/\/wholistic.com.tr\/en\/wp-json\/wp\/v2\/pages"}],"about":[{"href":"https:\/\/wholistic.com.tr\/en\/wp-json\/wp\/v2\/types\/page"}],"author":[{"embeddable":true,"href":"https:\/\/wholistic.com.tr\/en\/wp-json\/wp\/v2\/users\/1"}],"replies":[{"embeddable":true,"href":"https:\/\/wholistic.com.tr\/en\/wp-json\/wp\/v2\/comments?post=1047"}],"version-history":[{"count":4,"href":"https:\/\/wholistic.com.tr\/en\/wp-json\/wp\/v2\/pages\/1047\/revisions"}],"predecessor-version":[{"id":1060,"href":"https:\/\/wholistic.com.tr\/en\/wp-json\/wp\/v2\/pages\/1047\/revisions\/1060"}],"wp:attachment":[{"href":"https:\/\/wholistic.com.tr\/en\/wp-json\/wp\/v2\/media?parent=1047"}],"curies":[{"name":"wp","href":"https:\/\/api.w.org\/{rel}","templated":true}]}}