{"id":1048,"date":"2024-12-26T12:30:14","date_gmt":"2024-12-26T12:30:14","guid":{"rendered":"https:\/\/wholistic.com.tr\/?page_id=1048"},"modified":"2024-12-26T12:34:59","modified_gmt":"2024-12-26T12:34:59","slug":"psikolojik-danismanlik","status":"publish","type":"page","link":"https:\/\/wholistic.com.tr\/en\/psikolojik-danismanlik\/","title":{"rendered":"Psychological Counseling"},"content":{"rendered":"<div data-elementor-type=\"wp-page\" data-elementor-id=\"1048\" class=\"elementor elementor-1048\">\n\t\t\t\t\t\t<section class=\"elementor-section elementor-top-section elementor-element elementor-element-23ecb3dc elementor-section-boxed elementor-section-height-default elementor-section-height-default\" data-id=\"23ecb3dc\" data-element_type=\"section\" id=\"xs_drop_5\" data-settings=\"{&quot;background_background&quot;:&quot;classic&quot;,&quot;ekit_has_onepagescroll_dot&quot;:&quot;yes&quot;}\">\n\t\t\t\t\t\t<div class=\"elementor-container elementor-column-gap-default\">\n\t\t\t\t\t<div class=\"elementor-column elementor-col-33 elementor-top-column elementor-element elementor-element-688a105b\" data-id=\"688a105b\" data-element_type=\"column\">\n\t\t\t<div class=\"elementor-widget-wrap\">\n\t\t\t\t\t\t\t<\/div>\n\t\t<\/div>\n\t\t\t\t<div class=\"elementor-column elementor-col-33 elementor-top-column elementor-element elementor-element-2c9aadf8\" data-id=\"2c9aadf8\" data-element_type=\"column\">\n\t\t\t<div class=\"elementor-widget-wrap elementor-element-populated\">\n\t\t\t\t\t\t<div class=\"elementor-element elementor-element-6bc9ae34 elementor-widget elementor-widget-elementskit-heading\" data-id=\"6bc9ae34\" data-element_type=\"widget\" data-settings=\"{&quot;ekit_we_effect_on&quot;:&quot;none&quot;}\" data-widget_type=\"elementskit-heading.default\">\n\t\t\t\t<div class=\"elementor-widget-container\">\n\t\t\t<div class=\"ekit-wid-con\" ><div class=\"ekit-heading elementskit-section-title-wraper text_center   ekit_heading_tablet-   ekit_heading_mobile-\"><h2 class=\"ekit-heading--title elementskit-section-title\">Psychological Counseling<\/h2><div class=\"ekit_heading_separetor_wraper ekit_heading_elementskit-border-divider elementskit-style-long\"><div class=\"elementskit-border-divider elementskit-style-long\"><\/div><\/div>\t\t\t\t<div class='ekit-heading__description'>\n\t\t\t\t\t<p>The challenges of modern life can affect individuals' mental and emotional health. As Wholistic Consulting, we provide professional psychological support services tailored to the needs of individuals and organizations. Our aim is to help individuals find their inner balance, cope with difficulties, and lead more satisfying lives.<\/p>\n<p><strong>Our Training Programs:<\/strong><\/p>\n<p>Our training programs designed to increase psychological awareness and strengthen mental health include:<\/p>\n<p>-Stress Management and Awareness: Coping methods with stress through mindfulness techniques.<br \/>-Emotional Intelligence Development: Skills for building healthy relationships and managing emotions.<br \/>-Psychological Health Seminars for Organizations: Increasing employee motivation and preventing burnout syndrome.<br \/>-Personal Development and Resilience: Developing skills to cope with challenges.<\/p>\n<p>Individual Counseling:<\/p>\n<p>Individual Therapy: Support for issues such as depression, anxiety, stress, and trauma.<br \/>Career and Life Coaching: Guidance in setting goals and achieving them.<\/p>\n\t\t\t\t<\/div>\n\t\t\t<\/div><\/div>\t\t<\/div>\n\t\t\t\t<\/div>\n\t\t\t\t<section class=\"elementor-section elementor-inner-section elementor-element elementor-element-49c72ac1 elementor-section-boxed elementor-section-height-default elementor-section-height-default\" data-id=\"49c72ac1\" data-element_type=\"section\" data-settings=\"{&quot;ekit_has_onepagescroll_dot&quot;:&quot;yes&quot;}\">\n\t\t\t\t\t\t<div class=\"elementor-container elementor-column-gap-default\">\n\t\t\t\t\t<div class=\"elementor-column elementor-col-100 elementor-inner-column elementor-element elementor-element-454ec4c8\" data-id=\"454ec4c8\" data-element_type=\"column\">\n\t\t\t<div class=\"elementor-widget-wrap elementor-element-populated\">\n\t\t\t\t\t\t<div class=\"elementor-element elementor-element-10ffb21 elementor-widget elementor-widget-elementskit-button\" data-id=\"10ffb21\" data-element_type=\"widget\" data-settings=\"{&quot;ekit_we_effect_on&quot;:&quot;none&quot;}\" data-widget_type=\"elementskit-button.default\">\n\t\t\t\t<div class=\"elementor-widget-container\">\n\t\t\t<div class=\"ekit-wid-con\" >\t\t<div class=\"ekit-btn-wraper\">\n\t\t\t\t\t\t\t<a href=\"https:\/\/wholistic.com.tr\/en\/iletisim\/\" class=\"elementskit-btn  whitespace--normal\" id=\"\">\n\t\t\t\t\tContact Us!\t\t\t\t<\/a>\n\t\t\t\t\t<\/div>\n        <\/div>\t\t<\/div>\n\t\t\t\t<\/div>\n\t\t\t\t\t<\/div>\n\t\t<\/div>\n\t\t\t\t\t<\/div>\n\t\t<\/section>\n\t\t\t\t\t<\/div>\n\t\t<\/div>\n\t\t\t\t<div class=\"elementor-column elementor-col-33 elementor-top-column elementor-element elementor-element-7259aa64\" data-id=\"7259aa64\" data-element_type=\"column\">\n\t\t\t<div class=\"elementor-widget-wrap\">\n\t\t\t\t\t\t\t<\/div>\n\t\t<\/div>\n\t\t\t\t\t<\/div>\n\t\t<\/section>\n\t\t\t\t<\/div>","protected":false},"excerpt":{"rendered":"<p>Psikolojik Dan\u0131\u015fmanl\u0131k Modern ya\u015fam\u0131n getirdi\u011fi zorluklar, bireylerin zihinsel ve duygusal sa\u011fl\u0131\u011f\u0131n\u0131 etkileyebilir. Wholistic Dan\u0131\u015fmanl\u0131k olarak, bireylerin ve kurumlar\u0131n ihtiya\u00e7lar\u0131na y\u00f6nelik profesyonel psikolojik destek hizmetleri sunuyoruz. Amac\u0131m\u0131z, bireylerin i\u00e7sel dengelerini bulmalar\u0131na, zorluklarla ba\u015fa \u00e7\u0131kmalar\u0131na ve daha tatmin edici bir ya\u015fam s\u00fcrmelerine yard\u0131mc\u0131 olmakt\u0131r. E\u011fitimlerimiz: Psikolojik fark\u0131ndal\u0131\u011f\u0131 art\u0131rmak ve zihinsel sa\u011fl\u0131\u011f\u0131 g\u00fc\u00e7lendirmek i\u00e7in d\u00fczenledi\u011fimiz e\u011fitimler: -Stres Y\u00f6netimi [&hellip;]<\/p>","protected":false},"author":1,"featured_media":0,"parent":0,"menu_order":0,"comment_status":"closed","ping_status":"closed","template":"page-templates\/other-pages.php","meta":{"footnotes":""},"class_list":["post-1048","page","type-page","status-publish","hentry"],"_links":{"self":[{"href":"https:\/\/wholistic.com.tr\/en\/wp-json\/wp\/v2\/pages\/1048","targetHints":{"allow":["GET"]}}],"collection":[{"href":"https:\/\/wholistic.com.tr\/en\/wp-json\/wp\/v2\/pages"}],"about":[{"href":"https:\/\/wholistic.com.tr\/en\/wp-json\/wp\/v2\/types\/page"}],"author":[{"embeddable":true,"href":"https:\/\/wholistic.com.tr\/en\/wp-json\/wp\/v2\/users\/1"}],"replies":[{"embeddable":true,"href":"https:\/\/wholistic.com.tr\/en\/wp-json\/wp\/v2\/comments?post=1048"}],"version-history":[{"count":4,"href":"https:\/\/wholistic.com.tr\/en\/wp-json\/wp\/v2\/pages\/1048\/revisions"}],"predecessor-version":[{"id":1054,"href":"https:\/\/wholistic.com.tr\/en\/wp-json\/wp\/v2\/pages\/1048\/revisions\/1054"}],"wp:attachment":[{"href":"https:\/\/wholistic.com.tr\/en\/wp-json\/wp\/v2\/media?parent=1048"}],"curies":[{"name":"wp","href":"https:\/\/api.w.org\/{rel}","templated":true}]}}