{"id":277,"date":"2023-03-06T15:20:19","date_gmt":"2023-03-06T15:20:19","guid":{"rendered":"https:\/\/wordpressriverthemes.com\/nvisor\/?page_id=277"},"modified":"2024-12-28T11:51:19","modified_gmt":"2024-12-28T11:51:19","slug":"hakkimizda","status":"publish","type":"page","link":"https:\/\/wholistic.com.tr\/en\/hakkimizda\/","title":{"rendered":"About Us"},"content":{"rendered":"<div data-elementor-type=\"wp-page\" data-elementor-id=\"277\" class=\"elementor elementor-277\">\n\t\t\t\t\t\t<section class=\"elementor-section elementor-top-section elementor-element elementor-element-8f50606 elementor-section-full_width elementor-section-height-default elementor-section-height-default\" data-id=\"8f50606\" data-element_type=\"section\" data-settings=\"{&quot;ekit_has_onepagescroll_dot&quot;:&quot;yes&quot;}\">\n\t\t\t\t\t\t<div class=\"elementor-container elementor-column-gap-no\">\n\t\t\t\t\t<div class=\"elementor-column elementor-col-100 elementor-top-column elementor-element elementor-element-3631418\" data-id=\"3631418\" data-element_type=\"column\">\n\t\t\t<div class=\"elementor-widget-wrap\">\n\t\t\t\t\t\t\t<\/div>\n\t\t<\/div>\n\t\t\t\t\t<\/div>\n\t\t<\/section>\n\t\t\t\t<section class=\"elementor-section elementor-top-section elementor-element elementor-element-58e4054 elementor-section-full_width elementor-section-height-default elementor-section-height-default\" data-id=\"58e4054\" data-element_type=\"section\" data-settings=\"{&quot;ekit_has_onepagescroll_dot&quot;:&quot;yes&quot;}\">\n\t\t\t\t\t\t<div class=\"elementor-container elementor-column-gap-no\">\n\t\t\t\t\t<div class=\"elementor-column elementor-col-100 elementor-top-column elementor-element elementor-element-1bdf594\" data-id=\"1bdf594\" data-element_type=\"column\">\n\t\t\t<div class=\"elementor-widget-wrap elementor-element-populated\">\n\t\t\t\t\t\t<div class=\"elementor-element elementor-element-fff0b90 elementor-widget elementor-widget-about3\" data-id=\"fff0b90\" data-element_type=\"widget\" data-settings=\"{&quot;ekit_we_effect_on&quot;:&quot;none&quot;}\" data-widget_type=\"about3.default\">\n\t\t\t\t<div class=\"elementor-widget-container\">\n\t\t\t\n<!-- About Section Start-->\n<section class=\"about-section about-style-two about-style-three\">\n    <div class=\"container\">\n        <div class=\"row\">\n            <div class=\"col-lg-4\">\n                <div class=\"better\">\n                        \n\n                    <div class=\"better-item better-item-1 better-child d-flex align-items-center\">\n                        <h3>01.<\/h3>\n                        <p>\n                            Professional Team                        <\/p>\n                    <\/div>\n                        \n\n                    <div class=\"better-item better-item-1 better-child d-flex align-items-center\">\n                        <h3>02.<\/h3>\n                        <p>\n                            International Cooperation                        <\/p>\n                    <\/div>\n                        \n\n                    <div class=\"better-item better-item-1 better-child d-flex align-items-center\">\n                        <h3>03.<\/h3>\n                        <p>\n                            Interdisciplinary Approach                        <\/p>\n                    <\/div>\n                        \n\n                    <div class=\"better-item better-item-1 better-child d-flex align-items-center\">\n                        <h3>04.<\/h3>\n                        <p>\n                            Project Management                        <\/p>\n                    <\/div>\n                        \n\n                    <div class=\"better-item better-item-1 better-child d-flex align-items-center\">\n                        <h3>05.<\/h3>\n                        <p>\n                            100% Customer Satisfaction                        <\/p>\n                    <\/div>\n                     \n                <\/div>\n            <\/div>\n            <div class=\"col-lg-5 pt-md-5 pt-sm-5 pt-esm-5\">\n                <div class=\"intro-content\">\n                     <h4>Who Are We?<\/h4>\n                    <a>We know that change is not always easy. With our excitement from the first day, we carry your projects to success for you. We are here to help you with our interdisciplinary service strategies with our expert team, each valuable in their own field.\n\nIf you are ready to make your dreams come true, let's start. <\/a>\n                    <p class=\"intro-des\">\n                                            <\/p>\n                                        <div class=\"ab-quote-text d-flex align-items-center\">\n                        <div class=\"quote-image\">\n                             <img decoding=\"async\" src=\"https:\/\/wholistic.com.tr\/wp-content\/themes\/nvisor\/sources\/img\/quote-img.png\" alt=\"Quote\">\n                        <\/div>\n                        <div class=\"quote-text\">\n                            <p class=\"quote-p\">Change is inevitable. Growth is optional.<\/p>\n                        <\/div>\n                    <\/div>\n                    <div class=\"about-auother\">\n                        <img decoding=\"async\" class=\"intro-auother\" src=\"https:\/\/wholistic.com.tr\/wp-content\/uploads\/2023\/03\/michel-jhon.png\" alt=\"\" \/>\n                    <\/div>\n                                    <\/div>\n            <\/div>\n\n            <div class=\"col-lg-3\">\n                <div class=\"counter-area\">\n                    <div id=\"counter-section\">\n                                                 <div class=\"sc-counter\">\n                            <div class=\"sc-count\"><span class=\"odometer\" data-count=\"72\">0<\/span><\/div>\n                            <span class=\"sub-title\">Project Completed<\/span>\n                        <\/div>\n                                                <div class=\"sc-counter\">\n                            <div class=\"sc-count\"><span class=\"odometer\" data-count=\"12\">0<\/span><\/div>\n                            <span class=\"sub-title\">Team Member<\/span>\n                        <\/div>\n                                                <div class=\"sc-counter\">\n                            <div class=\"sc-count\"><span class=\"odometer\" data-count=\"100\">0<\/span><\/div>\n                            <span class=\"sub-title\">Satisfaction Rate<\/span>\n                        <\/div>\n                                            <\/div>\n                <\/div>\n            <\/div>\n        <\/div>\n    <\/div>\n<\/section>\n<!-- About Section End-->\n\n    \t\t<\/div>\n\t\t\t\t<\/div>\n\t\t\t\t\t<\/div>\n\t\t<\/div>\n\t\t\t\t\t<\/div>\n\t\t<\/section>\n\t\t\t\t<section class=\"elementor-section elementor-top-section elementor-element elementor-element-e935b25 elementor-section-full_width elementor-section-height-default elementor-section-height-default\" data-id=\"e935b25\" data-element_type=\"section\" data-settings=\"{&quot;ekit_has_onepagescroll_dot&quot;:&quot;yes&quot;}\">\n\t\t\t\t\t\t<div class=\"elementor-container elementor-column-gap-no\">\n\t\t\t\t\t<div class=\"elementor-column elementor-col-100 elementor-top-column elementor-element elementor-element-908edc1\" data-id=\"908edc1\" data-element_type=\"column\">\n\t\t\t<div class=\"elementor-widget-wrap elementor-element-populated\">\n\t\t\t\t\t\t<div class=\"elementor-element elementor-element-e08c17d elementor-widget elementor-widget-provide2\" data-id=\"e08c17d\" data-element_type=\"widget\" data-settings=\"{&quot;ekit_we_effect_on&quot;:&quot;none&quot;}\" data-widget_type=\"provide2.default\">\n\t\t\t\t<div class=\"elementor-widget-container\">\n\t\t\t\n<!--  Provide Section Start  -->\n<section class=\"provide-section provide-style-two\">\n    <div class=\"container-fluid p-0\">\n        <div class=\"provide-area\">\n            <div class=\"provide-content\">\n                <h2 class=\"st-title\">Best Service For You<\/h2>\n                 <p>Wholistic Consulting stands by your side with a holistic approach in the fields of nutrition counseling, psychological support, and education. Our interdisciplinary team, consisting of dietitians, expert trainers, psychologists, and software engineers, treats your health, happiness, and development as a whole. We recognize that every individual is unique, and we add value to your life with customized solutions for your personal and professional needs.\n<\/p>\n               \n                <div class=\"provide-check-list\">\n                    <div class=\"provide-check\">\n                        <svg width=\"18\" height=\"14\" viewbox=\"0 0 18 14\" fill=\"none\" xmlns=\"http:\/\/www.w3.org\/2000\/svg\">\n                            <path\n                                d=\"M17.8232 0H16.2813C16.0652 0 15.86 0.0943542 15.7277 0.255805L6.63318 11.2072L2.27233 5.9548C2.20636 5.87519 2.12227 5.81081 2.02638 5.76651C1.93049 5.7222 1.82529 5.69912 1.71867 5.699H0.17682C0.0290322 5.699 -0.0525823 5.86045 0.0378553 5.96948L6.07953 13.2452C6.36187 13.5849 6.90449 13.5849 7.18904 13.2452L17.9621 0.268386C18.0526 0.161451 17.971 0 17.8232 0Z\"\n                                fill=\"#DF2E2E\"\n                            \/>\n                        <\/svg>\n                    <\/div>\n                    <div class=\"provide-text\">\n                        <h4>Wholistic Consultancy<\/h4>\n                        <p>The best choice for you!<\/p>\n                    <\/div>\n                <\/div>\n                                            <\/div>\n            <div class=\"video-section\">\n                <img decoding=\"async\" class=\"video-image\" src=\"https:\/\/wholistic.com.tr\/wp-content\/uploads\/2023\/03\/provide-img-op.png\" alt=\"\" \/>\n                <div class=\"video-iconarea\">\n                    <a class=\"venobox popup-videos-button\" data-autoplay=\"true\" data-vbtype=\"video\" href=\"\">\n                        <svg width=\"37\" height=\"43\" viewbox=\"0 0 37 43\" fill=\"none\" xmlns=\"http:\/\/www.w3.org\/2000\/svg\">\n                            <path d=\"M1.75 2.88045L34 21.5L1.75 40.1195L1.75 2.88045Z\" stroke=\"#DF2E2E\" stroke-width=\"3\" \/>\n                        <\/svg>\n                    <\/a>\n                <\/div>\n            <\/div>\n        <\/div>\n    <\/div>\n<\/section>\n<!--  Provide Section End  -->\n\n    \t\t<\/div>\n\t\t\t\t<\/div>\n\t\t\t\t\t<\/div>\n\t\t<\/div>\n\t\t\t\t\t<\/div>\n\t\t<\/section>\n\t\t\t\t<section class=\"elementor-section elementor-top-section elementor-element elementor-element-6f4b4af elementor-section-full_width elementor-section-height-default elementor-section-height-default\" data-id=\"6f4b4af\" data-element_type=\"section\" data-settings=\"{&quot;ekit_has_onepagescroll_dot&quot;:&quot;yes&quot;}\">\n\t\t\t\t\t\t<div class=\"elementor-container elementor-column-gap-no\">\n\t\t\t\t\t<div class=\"elementor-column elementor-col-100 elementor-top-column elementor-element elementor-element-9314cf3\" data-id=\"9314cf3\" data-element_type=\"column\">\n\t\t\t<div class=\"elementor-widget-wrap\">\n\t\t\t\t\t\t\t<\/div>\n\t\t<\/div>\n\t\t\t\t\t<\/div>\n\t\t<\/section>\n\t\t\t\t<section class=\"elementor-section elementor-top-section elementor-element elementor-element-5e68d61 elementor-section-full_width elementor-section-height-default elementor-section-height-default\" data-id=\"5e68d61\" data-element_type=\"section\" data-settings=\"{&quot;ekit_has_onepagescroll_dot&quot;:&quot;yes&quot;}\">\n\t\t\t\t\t\t<div class=\"elementor-container elementor-column-gap-no\">\n\t\t\t\t\t<div class=\"elementor-column elementor-col-100 elementor-top-column elementor-element elementor-element-ce37aa3\" data-id=\"ce37aa3\" data-element_type=\"column\">\n\t\t\t<div class=\"elementor-widget-wrap\">\n\t\t\t\t\t\t\t<\/div>\n\t\t<\/div>\n\t\t\t\t\t<\/div>\n\t\t<\/section>\n\t\t\t\t<section class=\"elementor-section elementor-top-section elementor-element elementor-element-9a45c15 elementor-section-full_width elementor-section-height-default elementor-section-height-default\" data-id=\"9a45c15\" data-element_type=\"section\" data-settings=\"{&quot;ekit_has_onepagescroll_dot&quot;:&quot;yes&quot;}\">\n\t\t\t\t\t\t<div class=\"elementor-container elementor-column-gap-no\">\n\t\t\t\t\t<div class=\"elementor-column elementor-col-100 elementor-top-column elementor-element elementor-element-f54e638\" data-id=\"f54e638\" data-element_type=\"column\">\n\t\t\t<div class=\"elementor-widget-wrap\">\n\t\t\t\t\t\t\t<\/div>\n\t\t<\/div>\n\t\t\t\t\t<\/div>\n\t\t<\/section>\n\t\t\t\t<\/div>","protected":false},"excerpt":{"rendered":"<p>01. Profesyonel Ekip 02. Uluslararas\u0131 \u0130\u015f Birli\u011fi 03. Disiplinleraras\u0131 Hizmet 04. Proje Y\u00f6netimi 05. %100 M\u00fc\u015fteri Memnuniyeti Biz Kimiz? De\u011fi\u015fimin her zaman kolay olmad\u0131\u011f\u0131n\u0131 biliyoruz. Biz, ilk g\u00fcnk\u00fc heyecan\u0131m\u0131zla, sizin i\u00e7in projelerinizi ba\u015far\u0131ya ta\u015f\u0131yoruz. Her biri, kendi alan\u0131nda de\u011ferli, uzman ekibimizle disiplinleraras\u0131 hizmet stratejilerimizle size yard\u0131mc\u0131 olmak i\u00e7in buraday\u0131z. Hayallerinizi ger\u00e7e\u011fe d\u00f6n\u00fc\u015ft\u00fcrmeye haz\u0131rsan\u0131z ba\u015flayal\u0131m. \u201cDe\u011fi\u015fim [&hellip;]<\/p>","protected":false},"author":1,"featured_media":127,"parent":0,"menu_order":0,"comment_status":"closed","ping_status":"closed","template":"page-templates\/other-pages.php","meta":{"footnotes":""},"class_list":["post-277","page","type-page","status-publish","has-post-thumbnail","hentry"],"_links":{"self":[{"href":"https:\/\/wholistic.com.tr\/en\/wp-json\/wp\/v2\/pages\/277","targetHints":{"allow":["GET"]}}],"collection":[{"href":"https:\/\/wholistic.com.tr\/en\/wp-json\/wp\/v2\/pages"}],"about":[{"href":"https:\/\/wholistic.com.tr\/en\/wp-json\/wp\/v2\/types\/page"}],"author":[{"embeddable":true,"href":"https:\/\/wholistic.com.tr\/en\/wp-json\/wp\/v2\/users\/1"}],"replies":[{"embeddable":true,"href":"https:\/\/wholistic.com.tr\/en\/wp-json\/wp\/v2\/comments?post=277"}],"version-history":[{"count":18,"href":"https:\/\/wholistic.com.tr\/en\/wp-json\/wp\/v2\/pages\/277\/revisions"}],"predecessor-version":[{"id":1082,"href":"https:\/\/wholistic.com.tr\/en\/wp-json\/wp\/v2\/pages\/277\/revisions\/1082"}],"wp:featuredmedia":[{"embeddable":true,"href":"https:\/\/wholistic.com.tr\/en\/wp-json\/wp\/v2\/media\/127"}],"wp:attachment":[{"href":"https:\/\/wholistic.com.tr\/en\/wp-json\/wp\/v2\/media?parent=277"}],"curies":[{"name":"wp","href":"https:\/\/api.w.org\/{rel}","templated":true}]}}