{"id":363,"date":"2023-03-06T16:50:41","date_gmt":"2023-03-06T16:50:41","guid":{"rendered":"https:\/\/wordpressriverthemes.com\/nvisor\/?page_id=363"},"modified":"2025-01-17T08:38:28","modified_gmt":"2025-01-17T08:38:28","slug":"iletisim","status":"publish","type":"page","link":"https:\/\/wholistic.com.tr\/en\/iletisim\/","title":{"rendered":"Contact"},"content":{"rendered":"<div data-elementor-type=\"wp-page\" data-elementor-id=\"363\" class=\"elementor elementor-363\">\n\t\t\t\t\t\t<section class=\"elementor-section elementor-top-section elementor-element elementor-element-5b24eb49 elementor-section-full_width elementor-section-height-default elementor-section-height-default\" data-id=\"5b24eb49\" data-element_type=\"section\" data-settings=\"{&quot;ekit_has_onepagescroll_dot&quot;:&quot;yes&quot;}\">\n\t\t\t\t\t\t<div class=\"elementor-container elementor-column-gap-no\">\n\t\t\t\t\t<div class=\"elementor-column elementor-col-100 elementor-top-column elementor-element elementor-element-8835591\" data-id=\"8835591\" data-element_type=\"column\">\n\t\t\t<div class=\"elementor-widget-wrap elementor-element-populated\">\n\t\t\t\t\t\t<div class=\"elementor-element elementor-element-20a07bf0 elementor-widget elementor-widget-contact\" data-id=\"20a07bf0\" data-element_type=\"widget\" data-settings=\"{&quot;ekit_we_effect_on&quot;:&quot;none&quot;}\" data-widget_type=\"contact.default\">\n\t\t\t\t<div class=\"elementor-widget-container\">\n\t\t\t\n<!-- Page Contact Section Start -->\n<section class=\"page-contact-section\">\n    <div class=\"container contact-container\">\n        <div class=\"row\">\n            <div class=\"col-lg-5\">\n                <div class=\"contact-content-box\">\n                    <div class=\"page-text\">\n                        <h5 class=\"st-subtitle2 text-uppercase\">Wholistic Consultancy<\/h5>\n                        <h2 class=\"st-title\">Contact Us<\/h2>\n                        <p>We look forward to working with you.<\/p>\n                    <\/div>\n                                         <div class=\"contact-list d-flex\">\n                        <div class=\"contact-icon\">\n                           <img decoding=\"async\" src=\"https:\/\/wholistic.com.tr\/wp-content\/uploads\/2023\/03\/contact-mail.svg\" alt=\"\" \/> \n                        <\/div>\n                        <div class=\"contact-text\">\n                            <h4>Email<\/h4>\n                            <span><a href=\"mailto:info@wholistic.com.tr\">info@wholistic.com.tr<\/a><\/span>\n                        <\/div>\n                    <\/div>\n                                       <div class=\"contact-list d-flex\">\n                        <div class=\"contact-icon\">\n                           <img decoding=\"async\" src=\"https:\/\/wholistic.com.tr\/wp-content\/uploads\/2024\/12\/instagram-e1735033561578.png\" alt=\"\" \/> \n                        <\/div>\n                        <div class=\"contact-text\">\n                            <h4><\/h4>\n                            <span><a href=\"https:\/\/www.instagram.com\/wholistic.01\/\">Instagram<\/a><\/span>\n                        <\/div>\n                    <\/div>\n                                       <div class=\"contact-list d-flex\">\n                        <div class=\"contact-icon\">\n                           <img decoding=\"async\" src=\"https:\/\/wholistic.com.tr\/wp-content\/uploads\/2024\/12\/facebook-e1735033625280.png\" alt=\"\" \/> \n                        <\/div>\n                        <div class=\"contact-text\">\n                            <h4><\/h4>\n                            <span><a href=\"https:\/\/www.facebook.com\/profile.php?id=61570719638543\">Facebook<\/a><\/span>\n                        <\/div>\n                    <\/div>\n                               <\/div>\n                    <\/div>\n            <div class=\"col-lg-7\">\n                    <\/div>\n                <\/div>\n            <\/div>\n        <\/section>\n        <!-- Page Contact Section Start -->\n\n<!-- Contact Map Section Start -->\n<div class=\"contact-map-area\">\n    <div class=\"container-fluid\">\n        <div id=\"map-container-google-1\" class=\"z-depth-1-half map-container\" style=\"height: 611px\">\n            <iframe src=\"\"><\/iframe>\n        <\/div>\n    <\/div>\n<\/div>\n<!-- Contact Map Section End -->\n\n    \t\t<\/div>\n\t\t\t\t<\/div>\n\t\t\t\t\t<\/div>\n\t\t<\/div>\n\t\t\t\t\t<\/div>\n\t\t<\/section>\n\t\t\t\t<\/div>","protected":false},"excerpt":{"rendered":"<p>Wholistic Dan\u0131\u015fmanl\u0131k Bizimle \u0130leti\u015fime Ge\u00e7 Sizinle \u00e7al\u0131\u015fmak i\u00e7in sab\u0131rs\u0131zlan\u0131yoruz. Email info@wholistic.com.tr Instagram Facebook<\/p>","protected":false},"author":1,"featured_media":0,"parent":0,"menu_order":0,"comment_status":"closed","ping_status":"closed","template":"page-templates\/other-pages.php","meta":{"footnotes":""},"class_list":["post-363","page","type-page","status-publish","hentry"],"_links":{"self":[{"href":"https:\/\/wholistic.com.tr\/en\/wp-json\/wp\/v2\/pages\/363","targetHints":{"allow":["GET"]}}],"collection":[{"href":"https:\/\/wholistic.com.tr\/en\/wp-json\/wp\/v2\/pages"}],"about":[{"href":"https:\/\/wholistic.com.tr\/en\/wp-json\/wp\/v2\/types\/page"}],"author":[{"embeddable":true,"href":"https:\/\/wholistic.com.tr\/en\/wp-json\/wp\/v2\/users\/1"}],"replies":[{"embeddable":true,"href":"https:\/\/wholistic.com.tr\/en\/wp-json\/wp\/v2\/comments?post=363"}],"version-history":[{"count":23,"href":"https:\/\/wholistic.com.tr\/en\/wp-json\/wp\/v2\/pages\/363\/revisions"}],"predecessor-version":[{"id":1108,"href":"https:\/\/wholistic.com.tr\/en\/wp-json\/wp\/v2\/pages\/363\/revisions\/1108"}],"wp:attachment":[{"href":"https:\/\/wholistic.com.tr\/en\/wp-json\/wp\/v2\/media?parent=363"}],"curies":[{"name":"wp","href":"https:\/\/api.w.org\/{rel}","templated":true}]}}