{"id":368,"date":"2023-03-06T16:53:38","date_gmt":"2023-03-06T16:53:38","guid":{"rendered":"https:\/\/wordpressriverthemes.com\/nvisor\/?page_id=368"},"modified":"2024-12-26T12:28:55","modified_gmt":"2024-12-26T12:28:55","slug":"beslenme-danismanligi","status":"publish","type":"page","link":"https:\/\/wholistic.com.tr\/en\/beslenme-danismanligi\/","title":{"rendered":"Nutrition Counseling"},"content":{"rendered":"<div data-elementor-type=\"wp-page\" data-elementor-id=\"368\" class=\"elementor elementor-368\">\n\t\t\t\t\t\t<section class=\"elementor-section elementor-top-section elementor-element elementor-element-23ecb3dc elementor-section-boxed elementor-section-height-default elementor-section-height-default\" data-id=\"23ecb3dc\" data-element_type=\"section\" id=\"xs_drop_5\" data-settings=\"{&quot;background_background&quot;:&quot;classic&quot;,&quot;ekit_has_onepagescroll_dot&quot;:&quot;yes&quot;}\">\n\t\t\t\t\t\t<div class=\"elementor-container elementor-column-gap-default\">\n\t\t\t\t\t<div class=\"elementor-column elementor-col-33 elementor-top-column elementor-element elementor-element-688a105b\" data-id=\"688a105b\" data-element_type=\"column\">\n\t\t\t<div class=\"elementor-widget-wrap\">\n\t\t\t\t\t\t\t<\/div>\n\t\t<\/div>\n\t\t\t\t<div class=\"elementor-column elementor-col-33 elementor-top-column elementor-element elementor-element-2c9aadf8\" data-id=\"2c9aadf8\" data-element_type=\"column\">\n\t\t\t<div class=\"elementor-widget-wrap elementor-element-populated\">\n\t\t\t\t\t\t<div class=\"elementor-element elementor-element-6bc9ae34 elementor-widget elementor-widget-elementskit-heading\" data-id=\"6bc9ae34\" data-element_type=\"widget\" data-settings=\"{&quot;ekit_we_effect_on&quot;:&quot;none&quot;}\" data-widget_type=\"elementskit-heading.default\">\n\t\t\t\t<div class=\"elementor-widget-container\">\n\t\t\t<div class=\"ekit-wid-con\" ><div class=\"ekit-heading elementskit-section-title-wraper text_center   ekit_heading_tablet-   ekit_heading_mobile-\"><h2 class=\"ekit-heading--title elementskit-section-title\">Nutrition Counseling<\/h2><div class=\"ekit_heading_separetor_wraper ekit_heading_elementskit-border-divider elementskit-style-long\"><div class=\"elementskit-border-divider elementskit-style-long\"><\/div><\/div>\t\t\t\t<div class='ekit-heading__description'>\n\t\t\t\t\t<p>Proper and balanced nutrition is crucial for a healthy life. As Wholistic Consulting, we offer both educational programs and one-on-one counseling services tailored to the needs of individuals and organizations <\/p>\n<p><strong>Our Training Programs:<\/strong> <\/p>\n<p>Our training programs, designed to raise awareness in nutrition and develop healthy, sustainable habits, include:<\/p>\n<p>-Creating a balanced diet <br \/>-Ethical nutrition and sustainable food habits <br \/>-Special dietary needs (celiac disease, diabetes, gastrointestinal disorders, etc.)<br \/>-Healthy living seminars for organizations <\/p>\n<p>We focus not only on what you eat but on your body, mind, and life as a whole. Healthy nutrition is the key to a healthy life, and we are happy to guide you on this journey.<\/p>\n\t\t\t\t<\/div>\n\t\t\t<\/div><\/div>\t\t<\/div>\n\t\t\t\t<\/div>\n\t\t\t\t<section class=\"elementor-section elementor-inner-section elementor-element elementor-element-49c72ac1 elementor-section-boxed elementor-section-height-default elementor-section-height-default\" data-id=\"49c72ac1\" data-element_type=\"section\" data-settings=\"{&quot;ekit_has_onepagescroll_dot&quot;:&quot;yes&quot;}\">\n\t\t\t\t\t\t<div class=\"elementor-container elementor-column-gap-default\">\n\t\t\t\t\t<div class=\"elementor-column elementor-col-100 elementor-inner-column elementor-element elementor-element-454ec4c8\" data-id=\"454ec4c8\" data-element_type=\"column\">\n\t\t\t<div class=\"elementor-widget-wrap elementor-element-populated\">\n\t\t\t\t\t\t<div class=\"elementor-element elementor-element-10ffb21 elementor-widget elementor-widget-elementskit-button\" data-id=\"10ffb21\" data-element_type=\"widget\" data-settings=\"{&quot;ekit_we_effect_on&quot;:&quot;none&quot;}\" data-widget_type=\"elementskit-button.default\">\n\t\t\t\t<div class=\"elementor-widget-container\">\n\t\t\t<div class=\"ekit-wid-con\" >\t\t<div class=\"ekit-btn-wraper\">\n\t\t\t\t\t\t\t<a href=\"https:\/\/wholistic.com.tr\/en\/iletisim\/\" class=\"elementskit-btn  whitespace--normal\" id=\"\">\n\t\t\t\t\tContact Us!\t\t\t\t<\/a>\n\t\t\t\t\t<\/div>\n        <\/div>\t\t<\/div>\n\t\t\t\t<\/div>\n\t\t\t\t\t<\/div>\n\t\t<\/div>\n\t\t\t\t\t<\/div>\n\t\t<\/section>\n\t\t\t\t\t<\/div>\n\t\t<\/div>\n\t\t\t\t<div class=\"elementor-column elementor-col-33 elementor-top-column elementor-element elementor-element-7259aa64\" data-id=\"7259aa64\" data-element_type=\"column\">\n\t\t\t<div class=\"elementor-widget-wrap\">\n\t\t\t\t\t\t\t<\/div>\n\t\t<\/div>\n\t\t\t\t\t<\/div>\n\t\t<\/section>\n\t\t\t\t<\/div>","protected":false},"excerpt":{"rendered":"<p>Beslenme Dan\u0131\u015fmanl\u0131\u011f\u0131 Sa\u011fl\u0131kl\u0131 bir ya\u015fam i\u00e7in do\u011fru ve dengeli beslenmenin \u00f6nemi b\u00fcy\u00fckt\u00fcr. Wholistic Dan\u0131\u015fmanl\u0131k olarak, bireylerin ve kurumlar\u0131n ihtiya\u00e7lar\u0131na y\u00f6nelik hem e\u011fitimler hem de birebir dan\u0131\u015fmanl\u0131k hizmetleri sunuyoruz. E\u011fitimlerimiz: Beslenme alan\u0131nda fark\u0131ndal\u0131\u011f\u0131 art\u0131rmak ve sa\u011fl\u0131kl\u0131, s\u00fcrd\u00fcr\u00fclebilir al\u0131\u015fkanl\u0131klar kazand\u0131rmak i\u00e7in d\u00fczenledi\u011fimiz e\u011fitimler \u015funlar\u0131 i\u00e7erir: -Dengeli bir diyet olu\u015fturma. -Etik beslenme ve s\u00fcrd\u00fcr\u00fclebilir g\u0131da al\u0131\u015fkanl\u0131klar\u0131. -\u00d6zel diyet [&hellip;]<\/p>","protected":false},"author":1,"featured_media":0,"parent":0,"menu_order":0,"comment_status":"closed","ping_status":"closed","template":"page-templates\/other-pages.php","meta":{"footnotes":""},"class_list":["post-368","page","type-page","status-publish","hentry"],"_links":{"self":[{"href":"https:\/\/wholistic.com.tr\/en\/wp-json\/wp\/v2\/pages\/368","targetHints":{"allow":["GET"]}}],"collection":[{"href":"https:\/\/wholistic.com.tr\/en\/wp-json\/wp\/v2\/pages"}],"about":[{"href":"https:\/\/wholistic.com.tr\/en\/wp-json\/wp\/v2\/types\/page"}],"author":[{"embeddable":true,"href":"https:\/\/wholistic.com.tr\/en\/wp-json\/wp\/v2\/users\/1"}],"replies":[{"embeddable":true,"href":"https:\/\/wholistic.com.tr\/en\/wp-json\/wp\/v2\/comments?post=368"}],"version-history":[{"count":8,"href":"https:\/\/wholistic.com.tr\/en\/wp-json\/wp\/v2\/pages\/368\/revisions"}],"predecessor-version":[{"id":1045,"href":"https:\/\/wholistic.com.tr\/en\/wp-json\/wp\/v2\/pages\/368\/revisions\/1045"}],"wp:attachment":[{"href":"https:\/\/wholistic.com.tr\/en\/wp-json\/wp\/v2\/media?parent=368"}],"curies":[{"name":"wp","href":"https:\/\/api.w.org\/{rel}","templated":true}]}}