{"id":473,"date":"2023-03-22T13:47:16","date_gmt":"2023-03-22T13:47:16","guid":{"rendered":"https:\/\/wordpressriverthemes.com\/nvisor\/?page_id=473"},"modified":"2024-12-26T20:54:02","modified_gmt":"2024-12-26T20:54:02","slug":"hizmetler","status":"publish","type":"page","link":"https:\/\/wholistic.com.tr\/en\/hizmetler\/","title":{"rendered":"Services"},"content":{"rendered":"<div data-elementor-type=\"wp-page\" data-elementor-id=\"473\" class=\"elementor elementor-473\">\n\t\t\t\t\t\t<section class=\"elementor-section elementor-top-section elementor-element elementor-element-7fa03c6 elementor-section-full_width elementor-section-height-default elementor-section-height-default\" data-id=\"7fa03c6\" data-element_type=\"section\" data-settings=\"{&quot;ekit_has_onepagescroll_dot&quot;:&quot;yes&quot;}\">\n\t\t\t\t\t\t<div class=\"elementor-container elementor-column-gap-no\">\n\t\t\t\t\t<div class=\"elementor-column elementor-col-100 elementor-top-column elementor-element elementor-element-0e0c64d\" data-id=\"0e0c64d\" data-element_type=\"column\">\n\t\t\t<div class=\"elementor-widget-wrap elementor-element-populated\">\n\t\t\t\t\t\t<div class=\"elementor-element elementor-element-babb319 elementor-widget elementor-widget-service\" data-id=\"babb319\" data-element_type=\"widget\" data-settings=\"{&quot;ekit_we_effect_on&quot;:&quot;none&quot;}\" data-widget_type=\"service.default\">\n\t\t\t\t<div class=\"elementor-widget-container\">\n\t\t\t\n        <!-- Service Section Start-->\n<section class=\"service-section service-section-two\">\n    <div class=\"service-section-overlay-top\">\n        <figure><img decoding=\"async\" src=\"https:\/\/wholistic.com.tr\/wp-content\/uploads\/2023\/03\/service-top-2.png\" alt=\"Service\" \/><\/figure>\n    <\/div>\n    <div class=\"service-section-overlay-bottom\">\n        <figure><img decoding=\"async\" src=\"https:\/\/wholistic.com.tr\/wp-content\/uploads\/2023\/03\/service-top-2-1.png\" alt=\"Service\" \/><\/figure>\n    <\/div>\n    <div class=\"container\">\n                <div class=\"service-item\">\n            <div class=\"row\">\n                \n                <div class=\"col-lg-3 col-md-6\">\n                    <div class=\"card card-margin-bottom\">\n                        <div class=\"card-body\">\n                            <span>01<\/span>\n                            <h3>\n                               Nutrition Counseling                            <\/h3>\n                            <a href=\"https:\/\/wholistic.com.tr\/en\/beslenme-danismanligi\/\"\n                                >Details                                <svg width=\"15\" height=\"10\" viewbox=\"0 0 15 10\" fill=\"none\" xmlns=\"http:\/\/www.w3.org\/2000\/svg\">\n                                    <path\n                                        fill-rule=\"evenodd\"\n                                        clip-rule=\"evenodd\"\n                                        d=\"M0.998535 5.48891C0.998535 5.3563 1.05121 5.22913 1.14498 5.13536C1.23875 5.04159 1.36593 4.98891 1.49854 4.98891H13.2915L10.1445 1.84291C10.0506 1.74903 9.9979 1.62169 9.9979 1.48891C9.9979 1.35614 10.0506 1.2288 10.1445 1.13491C10.2384 1.04103 10.3658 0.988281 10.4985 0.988281C10.6313 0.988281 10.7586 1.04103 10.8525 1.13491L14.8525 5.13491C14.8991 5.18136 14.936 5.23653 14.9612 5.29728C14.9865 5.35802 14.9994 5.42315 14.9994 5.48891C14.9994 5.55468 14.9865 5.6198 14.9612 5.68055C14.936 5.74129 14.8991 5.79647 14.8525 5.84291L10.8525 9.84291C10.7586 9.9368 10.6313 9.98954 10.4985 9.98954C10.3658 9.98954 10.2384 9.9368 10.1445 9.84291C10.0506 9.74903 9.9979 9.62169 9.9979 9.48891C9.9979 9.35614 10.0506 9.2288 10.1445 9.13491L13.2915 5.98891H1.49854C1.36593 5.98891 1.23875 5.93623 1.14498 5.84247C1.05121 5.7487 0.998535 5.62152 0.998535 5.48891Z\"\n                                        fill=\"black\"\n                                    \/><\/svg><\/a>\n                            <img decoding=\"async\" class=\"service-icon-coding\" src=\"https:\/\/wholistic.com.tr\/wp-content\/uploads\/2023\/03\/marketing-one-1.png\" alt=\"Icon\" \/>\n                        <\/div>\n                    <\/div>\n                <\/div>\n                \n                <div class=\"col-lg-3 col-md-6\">\n                    <div class=\"card card-margin-bottom card-margin-top\">\n                        <div class=\"card-body\">\n                            <span>02<\/span>\n                            <h3>\n                               Psychological Counseling                            <\/h3>\n                            <a href=\"https:\/\/wholistic.com.tr\/en\/psikolojik-danismanlik\/\"\n                                >Details                                <svg width=\"15\" height=\"10\" viewbox=\"0 0 15 10\" fill=\"none\" xmlns=\"http:\/\/www.w3.org\/2000\/svg\">\n                                    <path\n                                        fill-rule=\"evenodd\"\n                                        clip-rule=\"evenodd\"\n                                        d=\"M0.998535 5.48891C0.998535 5.3563 1.05121 5.22913 1.14498 5.13536C1.23875 5.04159 1.36593 4.98891 1.49854 4.98891H13.2915L10.1445 1.84291C10.0506 1.74903 9.9979 1.62169 9.9979 1.48891C9.9979 1.35614 10.0506 1.2288 10.1445 1.13491C10.2384 1.04103 10.3658 0.988281 10.4985 0.988281C10.6313 0.988281 10.7586 1.04103 10.8525 1.13491L14.8525 5.13491C14.8991 5.18136 14.936 5.23653 14.9612 5.29728C14.9865 5.35802 14.9994 5.42315 14.9994 5.48891C14.9994 5.55468 14.9865 5.6198 14.9612 5.68055C14.936 5.74129 14.8991 5.79647 14.8525 5.84291L10.8525 9.84291C10.7586 9.9368 10.6313 9.98954 10.4985 9.98954C10.3658 9.98954 10.2384 9.9368 10.1445 9.84291C10.0506 9.74903 9.9979 9.62169 9.9979 9.48891C9.9979 9.35614 10.0506 9.2288 10.1445 9.13491L13.2915 5.98891H1.49854C1.36593 5.98891 1.23875 5.93623 1.14498 5.84247C1.05121 5.7487 0.998535 5.62152 0.998535 5.48891Z\"\n                                        fill=\"black\"\n                                    \/><\/svg><\/a>\n                            <img decoding=\"async\" class=\"service-icon-coding\" src=\"https:\/\/wholistic.com.tr\/wp-content\/uploads\/2023\/03\/vector_one.png\" alt=\"Icon\" \/>\n                        <\/div>\n                    <\/div>\n                <\/div>\n                \n                <div class=\"col-lg-3 col-md-6\">\n                    <div class=\"card card-margin-bottom\">\n                        <div class=\"card-body\">\n                            <span>03<\/span>\n                            <h3>\n                               Project Management and Consulting                            <\/h3>\n                            <a href=\"https:\/\/wholistic.com.tr\/en\/proje-yonetimi-ve-danismanlik\/\"\n                                >Details                                <svg width=\"15\" height=\"10\" viewbox=\"0 0 15 10\" fill=\"none\" xmlns=\"http:\/\/www.w3.org\/2000\/svg\">\n                                    <path\n                                        fill-rule=\"evenodd\"\n                                        clip-rule=\"evenodd\"\n                                        d=\"M0.998535 5.48891C0.998535 5.3563 1.05121 5.22913 1.14498 5.13536C1.23875 5.04159 1.36593 4.98891 1.49854 4.98891H13.2915L10.1445 1.84291C10.0506 1.74903 9.9979 1.62169 9.9979 1.48891C9.9979 1.35614 10.0506 1.2288 10.1445 1.13491C10.2384 1.04103 10.3658 0.988281 10.4985 0.988281C10.6313 0.988281 10.7586 1.04103 10.8525 1.13491L14.8525 5.13491C14.8991 5.18136 14.936 5.23653 14.9612 5.29728C14.9865 5.35802 14.9994 5.42315 14.9994 5.48891C14.9994 5.55468 14.9865 5.6198 14.9612 5.68055C14.936 5.74129 14.8991 5.79647 14.8525 5.84291L10.8525 9.84291C10.7586 9.9368 10.6313 9.98954 10.4985 9.98954C10.3658 9.98954 10.2384 9.9368 10.1445 9.84291C10.0506 9.74903 9.9979 9.62169 9.9979 9.48891C9.9979 9.35614 10.0506 9.2288 10.1445 9.13491L13.2915 5.98891H1.49854C1.36593 5.98891 1.23875 5.93623 1.14498 5.84247C1.05121 5.7487 0.998535 5.62152 0.998535 5.48891Z\"\n                                        fill=\"black\"\n                                    \/><\/svg><\/a>\n                            <img decoding=\"async\" class=\"service-icon-coding\" src=\"https:\/\/wholistic.com.tr\/wp-content\/uploads\/2023\/03\/vector_one-1.png\" alt=\"Icon\" \/>\n                        <\/div>\n                    <\/div>\n                <\/div>\n                \n                <div class=\"col-lg-3 col-md-6\">\n                    <div class=\"card card-margin-bottom card-margin-top1\">\n                        <div class=\"card-body\">\n                            <span>04<\/span>\n                            <h3>\n                               Training                            <\/h3>\n                            <a href=\"https:\/\/wholistic.com.tr\/en\/egitimler\/\"\n                                >Details                                <svg width=\"15\" height=\"10\" viewbox=\"0 0 15 10\" fill=\"none\" xmlns=\"http:\/\/www.w3.org\/2000\/svg\">\n                                    <path\n                                        fill-rule=\"evenodd\"\n                                        clip-rule=\"evenodd\"\n                                        d=\"M0.998535 5.48891C0.998535 5.3563 1.05121 5.22913 1.14498 5.13536C1.23875 5.04159 1.36593 4.98891 1.49854 4.98891H13.2915L10.1445 1.84291C10.0506 1.74903 9.9979 1.62169 9.9979 1.48891C9.9979 1.35614 10.0506 1.2288 10.1445 1.13491C10.2384 1.04103 10.3658 0.988281 10.4985 0.988281C10.6313 0.988281 10.7586 1.04103 10.8525 1.13491L14.8525 5.13491C14.8991 5.18136 14.936 5.23653 14.9612 5.29728C14.9865 5.35802 14.9994 5.42315 14.9994 5.48891C14.9994 5.55468 14.9865 5.6198 14.9612 5.68055C14.936 5.74129 14.8991 5.79647 14.8525 5.84291L10.8525 9.84291C10.7586 9.9368 10.6313 9.98954 10.4985 9.98954C10.3658 9.98954 10.2384 9.9368 10.1445 9.84291C10.0506 9.74903 9.9979 9.62169 9.9979 9.48891C9.9979 9.35614 10.0506 9.2288 10.1445 9.13491L13.2915 5.98891H1.49854C1.36593 5.98891 1.23875 5.93623 1.14498 5.84247C1.05121 5.7487 0.998535 5.62152 0.998535 5.48891Z\"\n                                        fill=\"black\"\n                                    \/><\/svg><\/a>\n                            <img decoding=\"async\" class=\"service-icon-coding\" src=\"https:\/\/wholistic.com.tr\/wp-content\/uploads\/2023\/03\/marketing-one.png\" alt=\"Icon\" \/>\n                        <\/div>\n                    <\/div>\n                <\/div>\n                            <\/div>\n        <\/div>\n    <\/div>\n    <div class=\"service-shape\">\n        <img decoding=\"async\" src=\"https:\/\/wholistic.com.tr\/wp-content\/uploads\/2023\/03\/service-shape-comp.png\" alt=\"Shape\" \/>\n    <\/div>\n<\/section>\n<!-- Service Section End-->\n    \t\t<\/div>\n\t\t\t\t<\/div>\n\t\t\t\t\t<\/div>\n\t\t<\/div>\n\t\t\t\t\t<\/div>\n\t\t<\/section>\n\t\t\t\t<section class=\"elementor-section elementor-top-section elementor-element elementor-element-8454232 elementor-section-full_width elementor-section-height-default elementor-section-height-default\" data-id=\"8454232\" data-element_type=\"section\" data-settings=\"{&quot;ekit_has_onepagescroll_dot&quot;:&quot;yes&quot;}\">\n\t\t\t\t\t\t<div class=\"elementor-container elementor-column-gap-no\">\n\t\t\t\t\t<div class=\"elementor-column elementor-col-100 elementor-top-column elementor-element elementor-element-781254a\" data-id=\"781254a\" data-element_type=\"column\">\n\t\t\t<div class=\"elementor-widget-wrap elementor-element-populated\">\n\t\t\t\t\t\t<div class=\"elementor-element elementor-element-467e977 elementor-widget elementor-widget-corporate\" data-id=\"467e977\" data-element_type=\"widget\" data-settings=\"{&quot;ekit_we_effect_on&quot;:&quot;none&quot;}\" data-widget_type=\"corporate.default\">\n\t\t\t\t<div class=\"elementor-widget-container\">\n\t\t\t\n<!-- Corporate Section Start-->\n<section class=\"corporate-section about-section about-section-style-two\">\n    <div class=\"container\">\n        <div class=\"row\">\n            <div class=\"col-lg-6 col-md-12\">\n                <div class=\"video-section\">\n                    <div class=\"video-iconarea\">\n                        <a class=\"venobox popup-videos-button\" data-autoplay=\"true\" data-vbtype=\"video\" href=\"https:\/\/youtu.be\/XU0FYlY9_E0\">\n                            <i class=\"ri-play-fill\"><\/i>\n                        <\/a>\n                    <\/div>\n                    <div class=\"video-images\">\n                        <img decoding=\"async\" class=\"corporate-group\" src=\"https:\/\/wholistic.com.tr\/wp-content\/uploads\/2023\/03\/corporate-group-op.png\" alt=\"Corporate\" \/>\n                        <img decoding=\"async\" class=\"corporate-shape1\" src=\"https:\/\/wholistic.com.tr\/wp-content\/uploads\/2023\/03\/corporate-group3.png\" alt=\"Corporate\" \/>\n                    <\/div>\n                <\/div>\n            <\/div>\n            <div class=\"col-lg-6 col-md-12 mt-md-5 mt-sm-5 mt-esm-5\">\n                <div class=\"about-content\">\n                    <h2 class=\"st-title\"> OUR SERVICES<\/h2>\n                    <p>We offer a wide range of services, from project consultancy to nutrition and psychological consultancy. With our expert team in every field, we provide consultancy with a holistic approach and offer sustainable and effective solutions.<\/p>\n                    <ul>\n                   \n                        <li>As Wholistic Consultancy, we offer project writing, implementation and consultancy services for Erasmus+, Development Agencies and other funding programs.<\/li>\n                                            <\/ul>\n                    <div class=\"progress-area\">\n                          \n                        <div class=\"progress-btm\" style=\"width: 525px\">\n                            <label>Wholistic Consultancy<\/label>\n                            <div class=\"progress\">\n                                <div class=\"progress-bar\" role=\"progressbar\" aria-valuenow=\"60\" aria-valuemin=\"0\" aria-valuemax=\"100\" style=\"max-width: 100%\">\n                                    <span class=\"title\">100%<\/span>\n                                <\/div>\n                            <\/div>\n                        <\/div>\n                                            <\/div>\n                    <div class=\"progress-button\">\n                        <a class=\"theme-btn-one\" href=\"https:\/\/wholistic.com.tr\/en\/iletisim\/\"> <span>Contact Us<\/span> <\/a>\n                    <\/div>\n                <\/div>\n            <\/div>\n        <\/div>\n    <\/div>\n    <div class=\"corporate-shape-image\">\n        <img decoding=\"async\" src=\"https:\/\/wholistic.com.tr\/wp-content\/uploads\/2023\/03\/corporate-group2.png\" alt=\"Corporate\" \/>\n    <\/div>\n<\/section>\n<!-- Corporate Section End-->\n\n    \t\t<\/div>\n\t\t\t\t<\/div>\n\t\t\t\t\t<\/div>\n\t\t<\/div>\n\t\t\t\t\t<\/div>\n\t\t<\/section>\n\t\t\t\t<\/div>","protected":false},"excerpt":{"rendered":"<p>01 Beslenme Dan\u0131\u015fmanl\u0131\u011f\u0131 Detaylar 02 Psikolojik Dan\u0131\u015fmanl\u0131k Detaylar 03 Proje Y\u00f6netimi ve Dan\u0131\u015fmanl\u0131k Detaylar 04 E\u011fitimler Detaylar H\u0130ZMETLER\u0130M\u0130Z Proje dan\u0131\u015fmanl\u0131\u011f\u0131ndan beslenme ve psikolojik dan\u0131\u015fmanl\u0131\u011fa kadar geni\u015f bir yelpazede hizmet sunuyoruz. Her alanda uzman ekibimizle, b\u00fct\u00fcnsel bir yakla\u015f\u0131mla dan\u0131\u015fmanl\u0131k veriyor, s\u00fcrd\u00fcr\u00fclebilir ve etkili \u00e7\u00f6z\u00fcmler sunuyoruz Wholistic Dan\u0131\u015fmanl\u0131k olarak, Erasmus+, Kalk\u0131nma Ajanslar\u0131 ve di\u011fer fon programlar\u0131na y\u00f6nelik [&hellip;]<\/p>","protected":false},"author":1,"featured_media":0,"parent":0,"menu_order":0,"comment_status":"closed","ping_status":"closed","template":"page-templates\/other-pages.php","meta":{"footnotes":""},"class_list":["post-473","page","type-page","status-publish","hentry"],"_links":{"self":[{"href":"https:\/\/wholistic.com.tr\/en\/wp-json\/wp\/v2\/pages\/473","targetHints":{"allow":["GET"]}}],"collection":[{"href":"https:\/\/wholistic.com.tr\/en\/wp-json\/wp\/v2\/pages"}],"about":[{"href":"https:\/\/wholistic.com.tr\/en\/wp-json\/wp\/v2\/types\/page"}],"author":[{"embeddable":true,"href":"https:\/\/wholistic.com.tr\/en\/wp-json\/wp\/v2\/users\/1"}],"replies":[{"embeddable":true,"href":"https:\/\/wholistic.com.tr\/en\/wp-json\/wp\/v2\/comments?post=473"}],"version-history":[{"count":24,"href":"https:\/\/wholistic.com.tr\/en\/wp-json\/wp\/v2\/pages\/473\/revisions"}],"predecessor-version":[{"id":1073,"href":"https:\/\/wholistic.com.tr\/en\/wp-json\/wp\/v2\/pages\/473\/revisions\/1073"}],"wp:attachment":[{"href":"https:\/\/wholistic.com.tr\/en\/wp-json\/wp\/v2\/media?parent=473"}],"curies":[{"name":"wp","href":"https:\/\/api.w.org\/{rel}","templated":true}]}}